{"id":23,"date":"2025-03-05T14:20:48","date_gmt":"2025-03-05T14:20:48","guid":{"rendered":"https:\/\/saconoy.com\/?page_id=23"},"modified":"2025-03-12T13:38:26","modified_gmt":"2025-03-12T11:38:26","slug":"irata-sertifioitu-koysiteknikko","status":"publish","type":"page","link":"https:\/\/saconoy.com\/index.php\/irata-sertifioitu-koysiteknikko\/","title":{"rendered":"IRATA-sertifioitu K\u00f6ysiteknikko"},"content":{"rendered":"\n<h2 class=\"wp-block-heading has-black-color has-text-color has-large-font-size\"><strong>Miksi valita ty\u00f6n toteutukseen k\u00f6ysity\u00f6skentely<\/strong><\/h2>\n\n\n\n<figure class=\"wp-block-image size-large\"><img decoding=\"async\" src=\"https:\/\/rkm-salminen.fi\/wp-content\/uploads\/2024\/06\/4586caad-7453-44e9-a59a-03af4a7391bf-768x1024.jpg\" alt=\"\" class=\"wp-image-212\"\/><\/figure>\n\n\n\n<p>K\u00f6ysill\u00e4 teht\u00e4v\u00e4t ty\u00f6t<\/p>\n\n\n\n<ul class=\"wp-block-list\">\n<li>Rakentamisen palvelut<\/li>\n\n\n\n<li>Ja monet muut<\/li>\n<\/ul>\n\n\n\n<div style=\"height:40px\" aria-hidden=\"true\" class=\"wp-block-spacer\"><\/div>\n\n\n\n<h4 class=\"wp-block-heading has-black-color has-text-color\"><strong>Kustannustehokkuus<\/strong><\/h4>\n\n\n\n<p>Kustannustehokkuus syntyy ty\u00f6n nopean aloitettavuuden vuoksi. Ty\u00f6 p\u00e4\u00e4st\u00e4\u00e4n aloittamaan samana p\u00e4iv\u00e4n\u00e4.<\/p>\n\n\n\n<p>Nykyaikaiset v\u00e4lineet mahdollistavat turvallisen, ergonomisen ja nopean liikkumisen my\u00f6s yl\u00f6sp\u00e4in.<\/p>\n\n\n\n<div style=\"height:40px\" aria-hidden=\"true\" class=\"wp-block-spacer\"><\/div>\n\n\n\n<h4 class=\"wp-block-heading has-black-color has-text-color\"><strong>Ulottuvuus<\/strong><\/h4>\n\n\n\n<p>K\u00f6ysill\u00e4 ty\u00f6skentely mahdollistaa p\u00e4\u00e4syn kohteisiin joihin henkil\u00f6nostimella ei p\u00e4\u00e4se, tai ei ole mahdollisuutta rakentaa telineit\u00e4. K\u00f6ysity\u00f6 mahdollistaa p\u00e4\u00e4syn my\u00f6s ahtaisiin tiloihin joihin ei ole mahdollista muuten p\u00e4\u00e4st\u00e4.<\/p>\n\n\n\n<h4 class=\"wp-block-heading has-black-color has-text-color\"><strong>Turvallisuus<\/strong><\/h4>\n\n\n\n<p>K\u00f6ysity\u00f6skentelyst\u00e4 laaditaan turvallisuus- sek\u00e4 k\u00f6ysity\u00f6suunnitelma ennen ty\u00f6n aloitusta. k\u00f6ysity\u00f6suunnitelmassa k\u00e4yd\u00e4\u00e4n l\u00e4pi k\u00e4ytett\u00e4v\u00e4t v\u00e4lineet, ankkurointi ja ankkureiden leikkauslujuudet.<\/p>\n\n\n\n<p>K\u00e4ytet\u00e4\u00e4n huollettuja ja tarkastettuja CE-merkittyj\u00e4 v\u00e4lineit\u00e4.<\/p>\n\n\n\n<p>K\u00f6ysity\u00f6skentely tapahtuu IRATA:n tarkkojen turvallisuus- ja ty\u00f6ohjeiden mukaisesti.<\/p>\n\n\n\n<figure class=\"wp-block-image size-full is-resized\"><img decoding=\"async\" src=\"https:\/\/rkm-salminen.fi\/wp-content\/uploads\/2025\/02\/irata-international-industrial-rope-access-trade-association-logo-vector.png\" alt=\"\" class=\"wp-image-420\" style=\"width:216px;height:auto\"\/><\/figure>\n","protected":false},"excerpt":{"rendered":"<p>Miksi valita ty\u00f6n toteutukseen k\u00f6ysity\u00f6skentely K\u00f6ysill\u00e4 teht\u00e4v\u00e4t ty\u00f6t Kustannustehokkuus Kustannustehokkuus syntyy ty\u00f6n nopean aloitettavuuden vuoksi. Ty\u00f6 p\u00e4\u00e4st\u00e4\u00e4n aloittamaan samana p\u00e4iv\u00e4n\u00e4. Nykyaikaiset v\u00e4lineet mahdollistavat turvallisen, ergonomisen ja nopean liikkumisen my\u00f6s yl\u00f6sp\u00e4in. Ulottuvuus K\u00f6ysill\u00e4 ty\u00f6skentely mahdollistaa p\u00e4\u00e4syn kohteisiin joihin henkil\u00f6nostimella ei p\u00e4\u00e4se, tai ei ole mahdollisuutta rakentaa telineit\u00e4. K\u00f6ysity\u00f6 mahdollistaa p\u00e4\u00e4syn my\u00f6s ahtaisiin tiloihin joihin ei ole mahdollista muuten p\u00e4\u00e4st\u00e4. Turvallisuus K\u00f6ysity\u00f6skentelyst\u00e4 [&hellip;]<\/p>\n","protected":false},"author":1,"featured_media":0,"parent":0,"menu_order":0,"comment_status":"closed","ping_status":"closed","template":"","meta":{"footnotes":""},"class_list":["post-23","page","type-page","status-publish","hentry"],"yoast_head":"<!-- This site is optimized with the Yoast SEO plugin v24.6 - https:\/\/yoast.com\/wordpress\/plugins\/seo\/ -->\n<title>IRATA-sertifioitu K\u00f6ysiteknikko - Sacon Oy<\/title>\n<meta name=\"description\" content=\"Irata sertfioitu k\u00f6ysiteknikko takaa turvallisen, kustannustehokkaan ja laadukkaan ty\u00f6n lopputuloksen korkeudesta riippumatta\" \/>\n<meta name=\"robots\" content=\"index, follow, max-snippet:-1, max-image-preview:large, max-video-preview:-1\" \/>\n<link rel=\"canonical\" href=\"https:\/\/saconoy.com\/index.php\/irata-sertifioitu-koysiteknikko\/\" \/>\n<meta property=\"og:locale\" content=\"fi_FI\" \/>\n<meta property=\"og:type\" content=\"article\" \/>\n<meta property=\"og:title\" content=\"IRATA-sertifioitu K\u00f6ysiteknikko - Sacon Oy\" \/>\n<meta property=\"og:description\" content=\"Irata sertfioitu k\u00f6ysiteknikko takaa turvallisen, kustannustehokkaan ja laadukkaan ty\u00f6n lopputuloksen korkeudesta riippumatta\" \/>\n<meta property=\"og:url\" content=\"https:\/\/saconoy.com\/index.php\/irata-sertifioitu-koysiteknikko\/\" \/>\n<meta property=\"og:site_name\" content=\"Sacon Oy\" \/>\n<meta property=\"article:modified_time\" content=\"2025-03-12T11:38:26+00:00\" \/>\n<meta name=\"twitter:card\" content=\"summary_large_image\" \/>\n<meta name=\"twitter:label1\" content=\"Arvioitu lukuaika\" \/>\n\t<meta name=\"twitter:data1\" content=\"1 minuutti\" \/>\n<script type=\"application\/ld+json\" class=\"yoast-schema-graph\">{\"@context\":\"https:\/\/schema.org\",\"@graph\":[{\"@type\":\"WebPage\",\"@id\":\"https:\/\/saconoy.com\/index.php\/irata-sertifioitu-koysiteknikko\/\",\"url\":\"https:\/\/saconoy.com\/index.php\/irata-sertifioitu-koysiteknikko\/\",\"name\":\"IRATA-sertifioitu K\u00f6ysiteknikko - Sacon Oy\",\"isPartOf\":{\"@id\":\"https:\/\/saconoy.com\/#website\"},\"primaryImageOfPage\":{\"@id\":\"https:\/\/saconoy.com\/index.php\/irata-sertifioitu-koysiteknikko\/#primaryimage\"},\"image\":{\"@id\":\"https:\/\/saconoy.com\/index.php\/irata-sertifioitu-koysiteknikko\/#primaryimage\"},\"thumbnailUrl\":\"https:\/\/rkm-salminen.fi\/wp-content\/uploads\/2024\/06\/4586caad-7453-44e9-a59a-03af4a7391bf-768x1024.jpg\",\"datePublished\":\"2025-03-05T14:20:48+00:00\",\"dateModified\":\"2025-03-12T11:38:26+00:00\",\"description\":\"Irata sertfioitu k\u00f6ysiteknikko takaa turvallisen, kustannustehokkaan ja laadukkaan ty\u00f6n lopputuloksen korkeudesta riippumatta\",\"breadcrumb\":{\"@id\":\"https:\/\/saconoy.com\/index.php\/irata-sertifioitu-koysiteknikko\/#breadcrumb\"},\"inLanguage\":\"fi\",\"potentialAction\":[{\"@type\":\"ReadAction\",\"target\":[\"https:\/\/saconoy.com\/index.php\/irata-sertifioitu-koysiteknikko\/\"]}]},{\"@type\":\"ImageObject\",\"inLanguage\":\"fi\",\"@id\":\"https:\/\/saconoy.com\/index.php\/irata-sertifioitu-koysiteknikko\/#primaryimage\",\"url\":\"https:\/\/rkm-salminen.fi\/wp-content\/uploads\/2024\/06\/4586caad-7453-44e9-a59a-03af4a7391bf-768x1024.jpg\",\"contentUrl\":\"https:\/\/rkm-salminen.fi\/wp-content\/uploads\/2024\/06\/4586caad-7453-44e9-a59a-03af4a7391bf-768x1024.jpg\"},{\"@type\":\"BreadcrumbList\",\"@id\":\"https:\/\/saconoy.com\/index.php\/irata-sertifioitu-koysiteknikko\/#breadcrumb\",\"itemListElement\":[{\"@type\":\"ListItem\",\"position\":1,\"name\":\"Etusivu\",\"item\":\"https:\/\/saconoy.com\/\"},{\"@type\":\"ListItem\",\"position\":2,\"name\":\"IRATA-sertifioitu K\u00f6ysiteknikko\"}]},{\"@type\":\"WebSite\",\"@id\":\"https:\/\/saconoy.com\/#website\",\"url\":\"https:\/\/saconoy.com\/\",\"name\":\"Sacon Oy\",\"description\":\"\",\"publisher\":{\"@id\":\"https:\/\/saconoy.com\/#organization\"},\"potentialAction\":[{\"@type\":\"SearchAction\",\"target\":{\"@type\":\"EntryPoint\",\"urlTemplate\":\"https:\/\/saconoy.com\/?s={search_term_string}\"},\"query-input\":{\"@type\":\"PropertyValueSpecification\",\"valueRequired\":true,\"valueName\":\"search_term_string\"}}],\"inLanguage\":\"fi\"},{\"@type\":\"Organization\",\"@id\":\"https:\/\/saconoy.com\/#organization\",\"name\":\"Sacon Oy\",\"url\":\"https:\/\/saconoy.com\/\",\"logo\":{\"@type\":\"ImageObject\",\"inLanguage\":\"fi\",\"@id\":\"https:\/\/saconoy.com\/#\/schema\/logo\/image\/\",\"url\":\"https:\/\/saconoy.com\/wp-content\/uploads\/2025\/03\/cropped-logo-web-transparent.png\",\"contentUrl\":\"https:\/\/saconoy.com\/wp-content\/uploads\/2025\/03\/cropped-logo-web-transparent.png\",\"width\":448,\"height\":154,\"caption\":\"Sacon Oy\"},\"image\":{\"@id\":\"https:\/\/saconoy.com\/#\/schema\/logo\/image\/\"},\"sameAs\":[\"https:\/\/www.instagram.com\/mesunmatkassa\/\"]}]}<\/script>\n<!-- \/ Yoast SEO plugin. -->","yoast_head_json":{"title":"IRATA-sertifioitu K\u00f6ysiteknikko - Sacon Oy","description":"Irata sertfioitu k\u00f6ysiteknikko takaa turvallisen, kustannustehokkaan ja laadukkaan ty\u00f6n lopputuloksen korkeudesta riippumatta","robots":{"index":"index","follow":"follow","max-snippet":"max-snippet:-1","max-image-preview":"max-image-preview:large","max-video-preview":"max-video-preview:-1"},"canonical":"https:\/\/saconoy.com\/index.php\/irata-sertifioitu-koysiteknikko\/","og_locale":"fi_FI","og_type":"article","og_title":"IRATA-sertifioitu K\u00f6ysiteknikko - Sacon Oy","og_description":"Irata sertfioitu k\u00f6ysiteknikko takaa turvallisen, kustannustehokkaan ja laadukkaan ty\u00f6n lopputuloksen korkeudesta riippumatta","og_url":"https:\/\/saconoy.com\/index.php\/irata-sertifioitu-koysiteknikko\/","og_site_name":"Sacon Oy","article_modified_time":"2025-03-12T11:38:26+00:00","twitter_card":"summary_large_image","twitter_misc":{"Arvioitu lukuaika":"1 minuutti"},"schema":{"@context":"https:\/\/schema.org","@graph":[{"@type":"WebPage","@id":"https:\/\/saconoy.com\/index.php\/irata-sertifioitu-koysiteknikko\/","url":"https:\/\/saconoy.com\/index.php\/irata-sertifioitu-koysiteknikko\/","name":"IRATA-sertifioitu K\u00f6ysiteknikko - Sacon Oy","isPartOf":{"@id":"https:\/\/saconoy.com\/#website"},"primaryImageOfPage":{"@id":"https:\/\/saconoy.com\/index.php\/irata-sertifioitu-koysiteknikko\/#primaryimage"},"image":{"@id":"https:\/\/saconoy.com\/index.php\/irata-sertifioitu-koysiteknikko\/#primaryimage"},"thumbnailUrl":"https:\/\/rkm-salminen.fi\/wp-content\/uploads\/2024\/06\/4586caad-7453-44e9-a59a-03af4a7391bf-768x1024.jpg","datePublished":"2025-03-05T14:20:48+00:00","dateModified":"2025-03-12T11:38:26+00:00","description":"Irata sertfioitu k\u00f6ysiteknikko takaa turvallisen, kustannustehokkaan ja laadukkaan ty\u00f6n lopputuloksen korkeudesta riippumatta","breadcrumb":{"@id":"https:\/\/saconoy.com\/index.php\/irata-sertifioitu-koysiteknikko\/#breadcrumb"},"inLanguage":"fi","potentialAction":[{"@type":"ReadAction","target":["https:\/\/saconoy.com\/index.php\/irata-sertifioitu-koysiteknikko\/"]}]},{"@type":"ImageObject","inLanguage":"fi","@id":"https:\/\/saconoy.com\/index.php\/irata-sertifioitu-koysiteknikko\/#primaryimage","url":"https:\/\/rkm-salminen.fi\/wp-content\/uploads\/2024\/06\/4586caad-7453-44e9-a59a-03af4a7391bf-768x1024.jpg","contentUrl":"https:\/\/rkm-salminen.fi\/wp-content\/uploads\/2024\/06\/4586caad-7453-44e9-a59a-03af4a7391bf-768x1024.jpg"},{"@type":"BreadcrumbList","@id":"https:\/\/saconoy.com\/index.php\/irata-sertifioitu-koysiteknikko\/#breadcrumb","itemListElement":[{"@type":"ListItem","position":1,"name":"Etusivu","item":"https:\/\/saconoy.com\/"},{"@type":"ListItem","position":2,"name":"IRATA-sertifioitu K\u00f6ysiteknikko"}]},{"@type":"WebSite","@id":"https:\/\/saconoy.com\/#website","url":"https:\/\/saconoy.com\/","name":"Sacon Oy","description":"","publisher":{"@id":"https:\/\/saconoy.com\/#organization"},"potentialAction":[{"@type":"SearchAction","target":{"@type":"EntryPoint","urlTemplate":"https:\/\/saconoy.com\/?s={search_term_string}"},"query-input":{"@type":"PropertyValueSpecification","valueRequired":true,"valueName":"search_term_string"}}],"inLanguage":"fi"},{"@type":"Organization","@id":"https:\/\/saconoy.com\/#organization","name":"Sacon Oy","url":"https:\/\/saconoy.com\/","logo":{"@type":"ImageObject","inLanguage":"fi","@id":"https:\/\/saconoy.com\/#\/schema\/logo\/image\/","url":"https:\/\/saconoy.com\/wp-content\/uploads\/2025\/03\/cropped-logo-web-transparent.png","contentUrl":"https:\/\/saconoy.com\/wp-content\/uploads\/2025\/03\/cropped-logo-web-transparent.png","width":448,"height":154,"caption":"Sacon Oy"},"image":{"@id":"https:\/\/saconoy.com\/#\/schema\/logo\/image\/"},"sameAs":["https:\/\/www.instagram.com\/mesunmatkassa\/"]}]}},"_links":{"self":[{"href":"https:\/\/saconoy.com\/index.php\/wp-json\/wp\/v2\/pages\/23","targetHints":{"allow":["GET"]}}],"collection":[{"href":"https:\/\/saconoy.com\/index.php\/wp-json\/wp\/v2\/pages"}],"about":[{"href":"https:\/\/saconoy.com\/index.php\/wp-json\/wp\/v2\/types\/page"}],"author":[{"embeddable":true,"href":"https:\/\/saconoy.com\/index.php\/wp-json\/wp\/v2\/users\/1"}],"replies":[{"embeddable":true,"href":"https:\/\/saconoy.com\/index.php\/wp-json\/wp\/v2\/comments?post=23"}],"version-history":[{"count":2,"href":"https:\/\/saconoy.com\/index.php\/wp-json\/wp\/v2\/pages\/23\/revisions"}],"predecessor-version":[{"id":94,"href":"https:\/\/saconoy.com\/index.php\/wp-json\/wp\/v2\/pages\/23\/revisions\/94"}],"wp:attachment":[{"href":"https:\/\/saconoy.com\/index.php\/wp-json\/wp\/v2\/media?parent=23"}],"curies":[{"name":"wp","href":"https:\/\/api.w.org\/{rel}","templated":true}]}}