{"id":36,"date":"2025-03-05T14:42:27","date_gmt":"2025-03-05T14:42:27","guid":{"rendered":"https:\/\/saconoy.com\/?page_id=36"},"modified":"2025-03-20T10:38:40","modified_gmt":"2025-03-20T08:38:40","slug":"projektinjohto","status":"publish","type":"page","link":"https:\/\/saconoy.com\/index.php\/projektinjohto\/","title":{"rendered":"Projektinjohto"},"content":{"rendered":"\n<p>Projektinjohdossa meille on t\u00e4rkeint\u00e4 lasketussa urakassa pysyminen, eli kustannustehokkuus, laatu ja turvallisuus<\/p>\n\n\n\n<p>Toimimme vastaavana ty\u00f6njohtona korjausrakentamisen urakoissa ja pienemmill\u00e4 kohteilla kaupan p\u00e4\u00e4lle osallistuvana ty\u00f6njohtajana. Eli hoidamme projektinhallinnan ja rakennushenkil\u00f6n teht\u00e4vi\u00e4.<\/p>\n\n\n\n<p>Kokemusta meill\u00e4 on betonirakenteiden korjausurakoista esimerkiksi majakoilta, vesitorneilta ja monista betonirakenteista.<\/p>\n\n\n\n<p><\/p>\n\n\n\n<p><\/p>\n","protected":false},"excerpt":{"rendered":"<p>Projektinjohdossa meille on t\u00e4rkeint\u00e4 lasketussa urakassa pysyminen, eli kustannustehokkuus, laatu ja turvallisuus Toimimme vastaavana ty\u00f6njohtona korjausrakentamisen urakoissa ja pienemmill\u00e4 kohteilla kaupan p\u00e4\u00e4lle osallistuvana ty\u00f6njohtajana. Eli hoidamme projektinhallinnan ja rakennushenkil\u00f6n teht\u00e4vi\u00e4. Kokemusta meill\u00e4 on betonirakenteiden korjausurakoista esimerkiksi majakoilta, vesitorneilta ja monista betonirakenteista.<\/p>\n","protected":false},"author":1,"featured_media":0,"parent":0,"menu_order":0,"comment_status":"closed","ping_status":"closed","template":"","meta":{"footnotes":""},"class_list":["post-36","page","type-page","status-publish","hentry"],"yoast_head":"<!-- This site is optimized with the Yoast SEO plugin v24.6 - https:\/\/yoast.com\/wordpress\/plugins\/seo\/ -->\n<title>Projektinjohto - Sacon Oy<\/title>\n<meta name=\"description\" content=\"Vuosien kokemuksella projektinjohtoa korjausrakentamisen ty\u00f6mailta. Tarjouslaskennasta luovutukseen saakka.\" \/>\n<meta name=\"robots\" content=\"index, follow, max-snippet:-1, max-image-preview:large, max-video-preview:-1\" \/>\n<link rel=\"canonical\" href=\"https:\/\/saconoy.com\/index.php\/projektinjohto\/\" \/>\n<meta property=\"og:locale\" content=\"fi_FI\" \/>\n<meta property=\"og:type\" content=\"article\" \/>\n<meta property=\"og:title\" content=\"Projektinjohto - Sacon Oy\" \/>\n<meta property=\"og:description\" content=\"Vuosien kokemuksella projektinjohtoa korjausrakentamisen ty\u00f6mailta. Tarjouslaskennasta luovutukseen saakka.\" \/>\n<meta property=\"og:url\" content=\"https:\/\/saconoy.com\/index.php\/projektinjohto\/\" \/>\n<meta property=\"og:site_name\" content=\"Sacon Oy\" \/>\n<meta property=\"article:modified_time\" content=\"2025-03-20T08:38:40+00:00\" \/>\n<meta name=\"twitter:card\" content=\"summary_large_image\" \/>\n<meta name=\"twitter:label1\" content=\"Arvioitu lukuaika\" \/>\n\t<meta name=\"twitter:data1\" content=\"1 minuutti\" \/>\n<script type=\"application\/ld+json\" class=\"yoast-schema-graph\">{\"@context\":\"https:\/\/schema.org\",\"@graph\":[{\"@type\":\"WebPage\",\"@id\":\"https:\/\/saconoy.com\/index.php\/projektinjohto\/\",\"url\":\"https:\/\/saconoy.com\/index.php\/projektinjohto\/\",\"name\":\"Projektinjohto - Sacon Oy\",\"isPartOf\":{\"@id\":\"https:\/\/saconoy.com\/#website\"},\"datePublished\":\"2025-03-05T14:42:27+00:00\",\"dateModified\":\"2025-03-20T08:38:40+00:00\",\"description\":\"Vuosien kokemuksella projektinjohtoa korjausrakentamisen ty\u00f6mailta. Tarjouslaskennasta luovutukseen saakka.\",\"breadcrumb\":{\"@id\":\"https:\/\/saconoy.com\/index.php\/projektinjohto\/#breadcrumb\"},\"inLanguage\":\"fi\",\"potentialAction\":[{\"@type\":\"ReadAction\",\"target\":[\"https:\/\/saconoy.com\/index.php\/projektinjohto\/\"]}]},{\"@type\":\"BreadcrumbList\",\"@id\":\"https:\/\/saconoy.com\/index.php\/projektinjohto\/#breadcrumb\",\"itemListElement\":[{\"@type\":\"ListItem\",\"position\":1,\"name\":\"Etusivu\",\"item\":\"https:\/\/saconoy.com\/\"},{\"@type\":\"ListItem\",\"position\":2,\"name\":\"Projektinjohto\"}]},{\"@type\":\"WebSite\",\"@id\":\"https:\/\/saconoy.com\/#website\",\"url\":\"https:\/\/saconoy.com\/\",\"name\":\"Sacon Oy\",\"description\":\"\",\"publisher\":{\"@id\":\"https:\/\/saconoy.com\/#organization\"},\"potentialAction\":[{\"@type\":\"SearchAction\",\"target\":{\"@type\":\"EntryPoint\",\"urlTemplate\":\"https:\/\/saconoy.com\/?s={search_term_string}\"},\"query-input\":{\"@type\":\"PropertyValueSpecification\",\"valueRequired\":true,\"valueName\":\"search_term_string\"}}],\"inLanguage\":\"fi\"},{\"@type\":\"Organization\",\"@id\":\"https:\/\/saconoy.com\/#organization\",\"name\":\"Sacon Oy\",\"url\":\"https:\/\/saconoy.com\/\",\"logo\":{\"@type\":\"ImageObject\",\"inLanguage\":\"fi\",\"@id\":\"https:\/\/saconoy.com\/#\/schema\/logo\/image\/\",\"url\":\"https:\/\/saconoy.com\/wp-content\/uploads\/2025\/03\/cropped-logo-web-transparent.png\",\"contentUrl\":\"https:\/\/saconoy.com\/wp-content\/uploads\/2025\/03\/cropped-logo-web-transparent.png\",\"width\":448,\"height\":154,\"caption\":\"Sacon Oy\"},\"image\":{\"@id\":\"https:\/\/saconoy.com\/#\/schema\/logo\/image\/\"},\"sameAs\":[\"https:\/\/www.instagram.com\/mesunmatkassa\/\"]}]}<\/script>\n<!-- \/ Yoast SEO plugin. -->","yoast_head_json":{"title":"Projektinjohto - Sacon Oy","description":"Vuosien kokemuksella projektinjohtoa korjausrakentamisen ty\u00f6mailta. Tarjouslaskennasta luovutukseen saakka.","robots":{"index":"index","follow":"follow","max-snippet":"max-snippet:-1","max-image-preview":"max-image-preview:large","max-video-preview":"max-video-preview:-1"},"canonical":"https:\/\/saconoy.com\/index.php\/projektinjohto\/","og_locale":"fi_FI","og_type":"article","og_title":"Projektinjohto - Sacon Oy","og_description":"Vuosien kokemuksella projektinjohtoa korjausrakentamisen ty\u00f6mailta. Tarjouslaskennasta luovutukseen saakka.","og_url":"https:\/\/saconoy.com\/index.php\/projektinjohto\/","og_site_name":"Sacon Oy","article_modified_time":"2025-03-20T08:38:40+00:00","twitter_card":"summary_large_image","twitter_misc":{"Arvioitu lukuaika":"1 minuutti"},"schema":{"@context":"https:\/\/schema.org","@graph":[{"@type":"WebPage","@id":"https:\/\/saconoy.com\/index.php\/projektinjohto\/","url":"https:\/\/saconoy.com\/index.php\/projektinjohto\/","name":"Projektinjohto - Sacon Oy","isPartOf":{"@id":"https:\/\/saconoy.com\/#website"},"datePublished":"2025-03-05T14:42:27+00:00","dateModified":"2025-03-20T08:38:40+00:00","description":"Vuosien kokemuksella projektinjohtoa korjausrakentamisen ty\u00f6mailta. Tarjouslaskennasta luovutukseen saakka.","breadcrumb":{"@id":"https:\/\/saconoy.com\/index.php\/projektinjohto\/#breadcrumb"},"inLanguage":"fi","potentialAction":[{"@type":"ReadAction","target":["https:\/\/saconoy.com\/index.php\/projektinjohto\/"]}]},{"@type":"BreadcrumbList","@id":"https:\/\/saconoy.com\/index.php\/projektinjohto\/#breadcrumb","itemListElement":[{"@type":"ListItem","position":1,"name":"Etusivu","item":"https:\/\/saconoy.com\/"},{"@type":"ListItem","position":2,"name":"Projektinjohto"}]},{"@type":"WebSite","@id":"https:\/\/saconoy.com\/#website","url":"https:\/\/saconoy.com\/","name":"Sacon Oy","description":"","publisher":{"@id":"https:\/\/saconoy.com\/#organization"},"potentialAction":[{"@type":"SearchAction","target":{"@type":"EntryPoint","urlTemplate":"https:\/\/saconoy.com\/?s={search_term_string}"},"query-input":{"@type":"PropertyValueSpecification","valueRequired":true,"valueName":"search_term_string"}}],"inLanguage":"fi"},{"@type":"Organization","@id":"https:\/\/saconoy.com\/#organization","name":"Sacon Oy","url":"https:\/\/saconoy.com\/","logo":{"@type":"ImageObject","inLanguage":"fi","@id":"https:\/\/saconoy.com\/#\/schema\/logo\/image\/","url":"https:\/\/saconoy.com\/wp-content\/uploads\/2025\/03\/cropped-logo-web-transparent.png","contentUrl":"https:\/\/saconoy.com\/wp-content\/uploads\/2025\/03\/cropped-logo-web-transparent.png","width":448,"height":154,"caption":"Sacon Oy"},"image":{"@id":"https:\/\/saconoy.com\/#\/schema\/logo\/image\/"},"sameAs":["https:\/\/www.instagram.com\/mesunmatkassa\/"]}]}},"_links":{"self":[{"href":"https:\/\/saconoy.com\/index.php\/wp-json\/wp\/v2\/pages\/36","targetHints":{"allow":["GET"]}}],"collection":[{"href":"https:\/\/saconoy.com\/index.php\/wp-json\/wp\/v2\/pages"}],"about":[{"href":"https:\/\/saconoy.com\/index.php\/wp-json\/wp\/v2\/types\/page"}],"author":[{"embeddable":true,"href":"https:\/\/saconoy.com\/index.php\/wp-json\/wp\/v2\/users\/1"}],"replies":[{"embeddable":true,"href":"https:\/\/saconoy.com\/index.php\/wp-json\/wp\/v2\/comments?post=36"}],"version-history":[{"count":2,"href":"https:\/\/saconoy.com\/index.php\/wp-json\/wp\/v2\/pages\/36\/revisions"}],"predecessor-version":[{"id":92,"href":"https:\/\/saconoy.com\/index.php\/wp-json\/wp\/v2\/pages\/36\/revisions\/92"}],"wp:attachment":[{"href":"https:\/\/saconoy.com\/index.php\/wp-json\/wp\/v2\/media?parent=36"}],"curies":[{"name":"wp","href":"https:\/\/api.w.org\/{rel}","templated":true}]}}