{"id":38,"date":"2025-03-05T14:44:01","date_gmt":"2025-03-05T14:44:01","guid":{"rendered":"https:\/\/saconoy.com\/?page_id=38"},"modified":"2025-06-09T12:56:30","modified_gmt":"2025-06-09T10:56:30","slug":"yhteystiedot","status":"publish","type":"page","link":"https:\/\/saconoy.com\/index.php\/yhteystiedot\/","title":{"rendered":"Yhteystiedot"},"content":{"rendered":"\n<p>Niko Salminen<\/p>\n\n\n\n<p>Rakennusmestari (Amk) ja levysepp\u00e4hitsaaja<\/p>\n\n\n\n<p>Puhelin: <a href=\"tel:+358 44 262 3202\">+358 44 262 3202<\/a><\/p>\n\n\n\n<p>S\u00e4hk\u00f6posti: niko.salminen@saconoy.com<\/p>\n\n\n\n<p>Y-tunnus: 3503836-7<\/p>\n\n\n\n<p>Postiosoite: 60510 Sein\u00e4joki<\/p>\n","protected":false},"excerpt":{"rendered":"<p>Niko Salminen Rakennusmestari (Amk) ja levysepp\u00e4hitsaaja Puhelin: +358 44 262 3202 S\u00e4hk\u00f6posti: niko.salminen@saconoy.com Y-tunnus: 3503836-7 Postiosoite: 60510 Sein\u00e4joki<\/p>\n","protected":false},"author":1,"featured_media":0,"parent":0,"menu_order":0,"comment_status":"closed","ping_status":"closed","template":"","meta":{"footnotes":""},"class_list":["post-38","page","type-page","status-publish","hentry"],"yoast_head":"<!-- This site is optimized with the Yoast SEO plugin v24.6 - https:\/\/yoast.com\/wordpress\/plugins\/seo\/ -->\n<title>Yhteystiedot - Sacon Oy<\/title>\n<meta name=\"description\" content=\"Toteutamme korjausrakentamisty\u00f6t koko Suomen alueella. Toimipaikkamme l\u00f6ytyy Sein\u00e4joelta, Etel\u00e4-Pohjanmaalta.\" \/>\n<meta name=\"robots\" content=\"index, follow, max-snippet:-1, max-image-preview:large, max-video-preview:-1\" \/>\n<link rel=\"canonical\" href=\"https:\/\/saconoy.com\/index.php\/yhteystiedot\/\" \/>\n<meta property=\"og:locale\" content=\"fi_FI\" \/>\n<meta property=\"og:type\" content=\"article\" \/>\n<meta property=\"og:title\" content=\"Yhteystiedot - Sacon Oy\" \/>\n<meta property=\"og:description\" content=\"Toteutamme korjausrakentamisty\u00f6t koko Suomen alueella. Toimipaikkamme l\u00f6ytyy Sein\u00e4joelta, Etel\u00e4-Pohjanmaalta.\" \/>\n<meta property=\"og:url\" content=\"https:\/\/saconoy.com\/index.php\/yhteystiedot\/\" \/>\n<meta property=\"og:site_name\" content=\"Sacon Oy\" \/>\n<meta property=\"article:modified_time\" content=\"2025-06-09T10:56:30+00:00\" \/>\n<meta name=\"twitter:card\" content=\"summary_large_image\" \/>\n<meta name=\"twitter:label1\" content=\"Arvioitu lukuaika\" \/>\n\t<meta name=\"twitter:data1\" content=\"1 minuutti\" \/>\n<script type=\"application\/ld+json\" class=\"yoast-schema-graph\">{\"@context\":\"https:\/\/schema.org\",\"@graph\":[{\"@type\":\"WebPage\",\"@id\":\"https:\/\/saconoy.com\/index.php\/yhteystiedot\/\",\"url\":\"https:\/\/saconoy.com\/index.php\/yhteystiedot\/\",\"name\":\"Yhteystiedot - Sacon Oy\",\"isPartOf\":{\"@id\":\"https:\/\/saconoy.com\/#website\"},\"datePublished\":\"2025-03-05T14:44:01+00:00\",\"dateModified\":\"2025-06-09T10:56:30+00:00\",\"description\":\"Toteutamme korjausrakentamisty\u00f6t koko Suomen alueella. Toimipaikkamme l\u00f6ytyy Sein\u00e4joelta, Etel\u00e4-Pohjanmaalta.\",\"breadcrumb\":{\"@id\":\"https:\/\/saconoy.com\/index.php\/yhteystiedot\/#breadcrumb\"},\"inLanguage\":\"fi\",\"potentialAction\":[{\"@type\":\"ReadAction\",\"target\":[\"https:\/\/saconoy.com\/index.php\/yhteystiedot\/\"]}]},{\"@type\":\"BreadcrumbList\",\"@id\":\"https:\/\/saconoy.com\/index.php\/yhteystiedot\/#breadcrumb\",\"itemListElement\":[{\"@type\":\"ListItem\",\"position\":1,\"name\":\"Etusivu\",\"item\":\"https:\/\/saconoy.com\/\"},{\"@type\":\"ListItem\",\"position\":2,\"name\":\"Yhteystiedot\"}]},{\"@type\":\"WebSite\",\"@id\":\"https:\/\/saconoy.com\/#website\",\"url\":\"https:\/\/saconoy.com\/\",\"name\":\"Sacon Oy\",\"description\":\"\",\"publisher\":{\"@id\":\"https:\/\/saconoy.com\/#organization\"},\"potentialAction\":[{\"@type\":\"SearchAction\",\"target\":{\"@type\":\"EntryPoint\",\"urlTemplate\":\"https:\/\/saconoy.com\/?s={search_term_string}\"},\"query-input\":{\"@type\":\"PropertyValueSpecification\",\"valueRequired\":true,\"valueName\":\"search_term_string\"}}],\"inLanguage\":\"fi\"},{\"@type\":\"Organization\",\"@id\":\"https:\/\/saconoy.com\/#organization\",\"name\":\"Sacon Oy\",\"url\":\"https:\/\/saconoy.com\/\",\"logo\":{\"@type\":\"ImageObject\",\"inLanguage\":\"fi\",\"@id\":\"https:\/\/saconoy.com\/#\/schema\/logo\/image\/\",\"url\":\"https:\/\/saconoy.com\/wp-content\/uploads\/2025\/03\/cropped-logo-web-transparent.png\",\"contentUrl\":\"https:\/\/saconoy.com\/wp-content\/uploads\/2025\/03\/cropped-logo-web-transparent.png\",\"width\":448,\"height\":154,\"caption\":\"Sacon Oy\"},\"image\":{\"@id\":\"https:\/\/saconoy.com\/#\/schema\/logo\/image\/\"},\"sameAs\":[\"https:\/\/www.instagram.com\/mesunmatkassa\/\"]}]}<\/script>\n<!-- \/ Yoast SEO plugin. -->","yoast_head_json":{"title":"Yhteystiedot - Sacon Oy","description":"Toteutamme korjausrakentamisty\u00f6t koko Suomen alueella. Toimipaikkamme l\u00f6ytyy Sein\u00e4joelta, Etel\u00e4-Pohjanmaalta.","robots":{"index":"index","follow":"follow","max-snippet":"max-snippet:-1","max-image-preview":"max-image-preview:large","max-video-preview":"max-video-preview:-1"},"canonical":"https:\/\/saconoy.com\/index.php\/yhteystiedot\/","og_locale":"fi_FI","og_type":"article","og_title":"Yhteystiedot - Sacon Oy","og_description":"Toteutamme korjausrakentamisty\u00f6t koko Suomen alueella. Toimipaikkamme l\u00f6ytyy Sein\u00e4joelta, Etel\u00e4-Pohjanmaalta.","og_url":"https:\/\/saconoy.com\/index.php\/yhteystiedot\/","og_site_name":"Sacon Oy","article_modified_time":"2025-06-09T10:56:30+00:00","twitter_card":"summary_large_image","twitter_misc":{"Arvioitu lukuaika":"1 minuutti"},"schema":{"@context":"https:\/\/schema.org","@graph":[{"@type":"WebPage","@id":"https:\/\/saconoy.com\/index.php\/yhteystiedot\/","url":"https:\/\/saconoy.com\/index.php\/yhteystiedot\/","name":"Yhteystiedot - Sacon Oy","isPartOf":{"@id":"https:\/\/saconoy.com\/#website"},"datePublished":"2025-03-05T14:44:01+00:00","dateModified":"2025-06-09T10:56:30+00:00","description":"Toteutamme korjausrakentamisty\u00f6t koko Suomen alueella. Toimipaikkamme l\u00f6ytyy Sein\u00e4joelta, Etel\u00e4-Pohjanmaalta.","breadcrumb":{"@id":"https:\/\/saconoy.com\/index.php\/yhteystiedot\/#breadcrumb"},"inLanguage":"fi","potentialAction":[{"@type":"ReadAction","target":["https:\/\/saconoy.com\/index.php\/yhteystiedot\/"]}]},{"@type":"BreadcrumbList","@id":"https:\/\/saconoy.com\/index.php\/yhteystiedot\/#breadcrumb","itemListElement":[{"@type":"ListItem","position":1,"name":"Etusivu","item":"https:\/\/saconoy.com\/"},{"@type":"ListItem","position":2,"name":"Yhteystiedot"}]},{"@type":"WebSite","@id":"https:\/\/saconoy.com\/#website","url":"https:\/\/saconoy.com\/","name":"Sacon Oy","description":"","publisher":{"@id":"https:\/\/saconoy.com\/#organization"},"potentialAction":[{"@type":"SearchAction","target":{"@type":"EntryPoint","urlTemplate":"https:\/\/saconoy.com\/?s={search_term_string}"},"query-input":{"@type":"PropertyValueSpecification","valueRequired":true,"valueName":"search_term_string"}}],"inLanguage":"fi"},{"@type":"Organization","@id":"https:\/\/saconoy.com\/#organization","name":"Sacon Oy","url":"https:\/\/saconoy.com\/","logo":{"@type":"ImageObject","inLanguage":"fi","@id":"https:\/\/saconoy.com\/#\/schema\/logo\/image\/","url":"https:\/\/saconoy.com\/wp-content\/uploads\/2025\/03\/cropped-logo-web-transparent.png","contentUrl":"https:\/\/saconoy.com\/wp-content\/uploads\/2025\/03\/cropped-logo-web-transparent.png","width":448,"height":154,"caption":"Sacon Oy"},"image":{"@id":"https:\/\/saconoy.com\/#\/schema\/logo\/image\/"},"sameAs":["https:\/\/www.instagram.com\/mesunmatkassa\/"]}]}},"_links":{"self":[{"href":"https:\/\/saconoy.com\/index.php\/wp-json\/wp\/v2\/pages\/38","targetHints":{"allow":["GET"]}}],"collection":[{"href":"https:\/\/saconoy.com\/index.php\/wp-json\/wp\/v2\/pages"}],"about":[{"href":"https:\/\/saconoy.com\/index.php\/wp-json\/wp\/v2\/types\/page"}],"author":[{"embeddable":true,"href":"https:\/\/saconoy.com\/index.php\/wp-json\/wp\/v2\/users\/1"}],"replies":[{"embeddable":true,"href":"https:\/\/saconoy.com\/index.php\/wp-json\/wp\/v2\/comments?post=38"}],"version-history":[{"count":4,"href":"https:\/\/saconoy.com\/index.php\/wp-json\/wp\/v2\/pages\/38\/revisions"}],"predecessor-version":[{"id":99,"href":"https:\/\/saconoy.com\/index.php\/wp-json\/wp\/v2\/pages\/38\/revisions\/99"}],"wp:attachment":[{"href":"https:\/\/saconoy.com\/index.php\/wp-json\/wp\/v2\/media?parent=38"}],"curies":[{"name":"wp","href":"https:\/\/api.w.org\/{rel}","templated":true}]}}